{"id":4427,"date":"2023-01-14T10:13:52","date_gmt":"2023-01-14T08:13:52","guid":{"rendered":"http:\/\/www.ledbag.se\/?page_id=4427"},"modified":"2023-01-14T20:24:35","modified_gmt":"2023-01-14T18:24:35","slug":"elementor-4427","status":"publish","type":"page","link":"https:\/\/www.ledbag.se\/","title":{"rendered":"Senaste nytt fr\u00e5n stugomr\u00e5det"},"content":{"rendered":"\t\t<div data-elementor-type=\"wp-page\" data-elementor-id=\"4427\" class=\"elementor elementor-4427\">\n\t\t\t\t\t\t<section class=\"elementor-section elementor-top-section elementor-element elementor-element-0f30f11 elementor-section-boxed elementor-section-height-default elementor-section-height-default\" data-id=\"0f30f11\" data-element_type=\"section\">\n\t\t\t\t\t\t<div class=\"elementor-container elementor-column-gap-default\">\n\t\t\t\t\t<div class=\"elementor-column elementor-col-100 elementor-top-column elementor-element elementor-element-5bfc645\" data-id=\"5bfc645\" data-element_type=\"column\">\n\t\t\t<div class=\"elementor-widget-wrap elementor-element-populated\">\n\t\t\t\t\t\t<div class=\"elementor-element elementor-element-79f8451 elementor-grid-3 elementor-grid-tablet-2 elementor-grid-mobile-1 elementor-widget elementor-widget-wpzoom-elementor-addons-posts-grid\" data-id=\"79f8451\" data-element_type=\"widget\" data-settings=\"{&quot;columns&quot;:&quot;3&quot;,&quot;columns_tablet&quot;:&quot;2&quot;,&quot;columns_mobile&quot;:&quot;1&quot;}\" data-widget_type=\"wpzoom-elementor-addons-posts-grid.default\">\n\t\t\t\t<div class=\"elementor-widget-container\">\n\t\t\t\t\t\t\t<div \n\t\t\tclass=\"wpz-grid\" \n\t\t\tdata-uid=\"79f8451\"\n\t\t\tdata-offset=\"3\"\n\t\t\tdata-posts-grid='{\"posts_per_page\":3,\"post_status\":\"publish\",\"paged\":1,\"post__not_in\":[],\"ignore_sticky_posts\":true,\"category_name\":\"\",\"no_found_rows\":true,\"orderby\":\"post_date\",\"order\":\"desc\",\"offset\":3,\"show_image\":\"yes\",\"post_thumbnail_size\":\"full\",\"show_title\":\"yes\",\"title_tag\":\"h3\",\"meta_data\":[\"date\",\"comments\"],\"show_excerpt\":\"yes\",\"excerpt_length\":25,\"show_read_more\":\"yes\",\"read_more_text\":\"Read More \\u00bb\",\"grid_style\":\"1\",\"total\":0}'>\n\t\t\t\t\t\t<div class=\"wpz-grid-container elementor-grid wpz-grid-desktop-3  wpz-grid-tablet-2  wpz-grid-mobile-1 \">\n\t\t\t\t\n        <article id=\"post-4923\" class=\"wpz-post post-4923 post type-post status-publish format-standard has-post-thumbnail hentry category-var\">\n         \n            <div class=\"post-grid-inner\">\n            \t\n            \t\t\t\t<div class=\"post-grid-thumbnail\">\n\t\t\t\t<a href=\"https:\/\/www.ledbag.se\/?p=4923\" title=\"V\u00e5ren \u00e4r h\u00e4r!\">\n\t\t\t\t\t<figure class=\"wp-caption fsmcfi-fig featured\"><img fetchpriority=\"high\" decoding=\"async\" width=\"1280\" height=\"800\" src=\"https:\/\/www.ledbag.se\/wp-content\/uploads\/2024\/04\/skylt-vikt.jpg\" class=\"attachment-full size-full wp-post-image\" alt=\"\" srcset=\"https:\/\/www.ledbag.se\/wp-content\/uploads\/2024\/04\/skylt-vikt.jpg 1280w, https:\/\/www.ledbag.se\/wp-content\/uploads\/2024\/04\/skylt-vikt-300x188.jpg 300w, https:\/\/www.ledbag.se\/wp-content\/uploads\/2024\/04\/skylt-vikt-1024x640.jpg 1024w, https:\/\/www.ledbag.se\/wp-content\/uploads\/2024\/04\/skylt-vikt-768x480.jpg 768w, https:\/\/www.ledbag.se\/wp-content\/uploads\/2024\/04\/skylt-vikt-600x375.jpg 600w, https:\/\/www.ledbag.se\/wp-content\/uploads\/2024\/04\/skylt-vikt-1200x750.jpg 1200w\" sizes=\"100vw\" \/><\/figure>\t\t\t\t<\/a>\n\t\t\t<\/div>\n\t\t\n                <div class=\"post-grid-text-wrap\">\n               \t\t\t\t<h3 class=\"title\">\n\t\t\t<a href=\"https:\/\/www.ledbag.se\/?p=4923\" title=\"V\u00e5ren \u00e4r h\u00e4r!\">V\u00e5ren \u00e4r h\u00e4r!<\/a>\n\t\t<\/h3>\n\t\t\t                \t\t<div class=\"post-grid-meta\">\n\t\t\t<span class=\"post-date\">2026-03-21<\/span><span class=\"post-comments\">Inga kommentarer<\/span>\t\t<\/div>\n\t\t\t                <div class=\"post-grid-excerpt\"><p>MAX \/ TON. Fr\u00e5n fredag den 27 mars begr\u00e4nsar vi Lax\u00f6gersv\u00e4gen med max 7 ton totalvikt och det g\u00e4ller tills skylten har plockats bort. &#8211;\u00a0Soph\u00e4mtningen&hellip;<\/p>\n<\/div>\t                <a class=\"read-more-btn\" href=\"https:\/\/www.ledbag.se\/?p=4923\">Read More \u00bb<\/a>                <\/div>\n\n            <\/div><!-- .blog-inner -->\n           \n        <\/article>\n\n        \n        <article id=\"post-4913\" class=\"wpz-post post-4913 post type-post status-publish format-standard has-post-thumbnail hentry category-host\">\n         \n            <div class=\"post-grid-inner\">\n            \t\n            \t\t\t\t<div class=\"post-grid-thumbnail\">\n\t\t\t\t<a href=\"https:\/\/www.ledbag.se\/?p=4913\" title=\"H\u00f6stens arbetsdag gjord f\u00f6r Lax\u00f6gerns Samf\u00e4llighetsf\u00f6rening\">\n\t\t\t\t\t<figure class=\"wp-caption fsmcfi-fig featured\"><img decoding=\"async\" width=\"1280\" height=\"800\" src=\"https:\/\/www.ledbag.se\/wp-content\/uploads\/2025\/09\/arbetsdag.jpg\" class=\"attachment-full size-full wp-post-image\" alt=\"\" srcset=\"https:\/\/www.ledbag.se\/wp-content\/uploads\/2025\/09\/arbetsdag.jpg 1280w, https:\/\/www.ledbag.se\/wp-content\/uploads\/2025\/09\/arbetsdag-300x188.jpg 300w, https:\/\/www.ledbag.se\/wp-content\/uploads\/2025\/09\/arbetsdag-1024x640.jpg 1024w, https:\/\/www.ledbag.se\/wp-content\/uploads\/2025\/09\/arbetsdag-768x480.jpg 768w\" sizes=\"100vw\" \/><\/figure>\t\t\t\t<\/a>\n\t\t\t<\/div>\n\t\t\n                <div class=\"post-grid-text-wrap\">\n               \t\t\t\t<h3 class=\"title\">\n\t\t\t<a href=\"https:\/\/www.ledbag.se\/?p=4913\" title=\"H\u00f6stens arbetsdag gjord f\u00f6r Lax\u00f6gerns Samf\u00e4llighetsf\u00f6rening\">H\u00f6stens arbetsdag gjord f\u00f6r Lax\u00f6gerns Samf\u00e4llighetsf\u00f6rening<\/a>\n\t\t<\/h3>\n\t\t\t                \t\t<div class=\"post-grid-meta\">\n\t\t\t<span class=\"post-date\">2025-09-28<\/span><span class=\"post-comments\">Inga kommentarer<\/span>\t\t<\/div>\n\t\t\t                <div class=\"post-grid-excerpt\"><p>ARBETSDAG. Under n\u00e4stan helt perfekta v\u00e4derf\u00f6rh\u00e5llanden hade \u00e5tta medlemmar fr\u00e5n Lax\u00f6gerns Samf\u00e4llighetsf\u00f6rening m\u00f6tt upp l\u00f6rdag morgon kl 10.00 f\u00f6r att g\u00f6ra den traditionsenliga insatsen med&hellip;<\/p>\n<\/div>\t                <a class=\"read-more-btn\" href=\"https:\/\/www.ledbag.se\/?p=4913\">Read More \u00bb<\/a>                <\/div>\n\n            <\/div><!-- .blog-inner -->\n           \n        <\/article>\n\n        \n        <article id=\"post-4902\" class=\"wpz-post post-4902 post type-post status-publish format-standard has-post-thumbnail hentry category-host\">\n         \n            <div class=\"post-grid-inner\">\n            \t\n            \t\t\t\t<div class=\"post-grid-thumbnail\">\n\t\t\t\t<a href=\"https:\/\/www.ledbag.se\/?p=4902\" title=\"Ordf\u00f6rande PO Glaas: &#8221;Bra jobbat alla&#8221;\">\n\t\t\t\t\t<figure class=\"wp-caption fsmcfi-fig featured\"><img decoding=\"async\" width=\"1280\" height=\"800\" src=\"https:\/\/www.ledbag.se\/wp-content\/uploads\/2025\/09\/arb_4.jpg\" class=\"attachment-full size-full wp-post-image\" alt=\"\" srcset=\"https:\/\/www.ledbag.se\/wp-content\/uploads\/2025\/09\/arb_4.jpg 1280w, https:\/\/www.ledbag.se\/wp-content\/uploads\/2025\/09\/arb_4-300x188.jpg 300w, https:\/\/www.ledbag.se\/wp-content\/uploads\/2025\/09\/arb_4-1024x640.jpg 1024w, https:\/\/www.ledbag.se\/wp-content\/uploads\/2025\/09\/arb_4-768x480.jpg 768w\" sizes=\"100vw\" \/><\/figure>\t\t\t\t<\/a>\n\t\t\t<\/div>\n\t\t\n                <div class=\"post-grid-text-wrap\">\n               \t\t\t\t<h3 class=\"title\">\n\t\t\t<a href=\"https:\/\/www.ledbag.se\/?p=4902\" title=\"Ordf\u00f6rande PO Glaas: &#8221;Bra jobbat alla&#8221;\">Ordf\u00f6rande PO Glaas: &#8221;Bra jobbat alla&#8221;<\/a>\n\t\t<\/h3>\n\t\t\t                \t\t<div class=\"post-grid-meta\">\n\t\t\t<span class=\"post-date\">2025-09-06<\/span><span class=\"post-comments\">Inga kommentarer<\/span>\t\t<\/div>\n\t\t\t                <div class=\"post-grid-excerpt\"><p>ARBETSDAG. L\u00f6rdag 6 september avklarade Ledsk\u00e4r-B\u00e5del\u00f6gerns V\u00e4gf\u00f6rening sin arbetsdag att f\u00f6rbereda inf\u00f6r \u00e4nnu en h\u00f6st \/ vinter. F\u00f6reningens ordf\u00f6rande PO Glaas var n\u00e4stan lyrisk efter&hellip;<\/p>\n<\/div>\t                <a class=\"read-more-btn\" href=\"https:\/\/www.ledbag.se\/?p=4902\">Read More \u00bb<\/a>                <\/div>\n\n            <\/div><!-- .blog-inner -->\n           \n        <\/article>\n\n        \t\t\t<\/div>\n\n\t\t\t\t\t\t\t\t\n\t\t<\/div><!-- \/\/.wpz-grid -->\n\t\t\t\t\t\t<\/div>\n\t\t\t\t<\/div>\n\t\t\t\t\t<\/div>\n\t\t<\/div>\n\t\t\t\t\t<\/div>\n\t\t<\/section>\n\t\t\t\t<section class=\"elementor-section elementor-top-section elementor-element elementor-element-6383939 elementor-section-boxed elementor-section-height-default elementor-section-height-default\" data-id=\"6383939\" data-element_type=\"section\">\n\t\t\t\t\t\t<div class=\"elementor-container elementor-column-gap-default\">\n\t\t\t\t\t<div class=\"elementor-column elementor-col-100 elementor-top-column elementor-element elementor-element-0fb2d77\" data-id=\"0fb2d77\" data-element_type=\"column\">\n\t\t\t<div class=\"elementor-widget-wrap elementor-element-populated\">\n\t\t\t\t\t\t<section class=\"elementor-section elementor-inner-section elementor-element elementor-element-9e9850f elementor-section-boxed elementor-section-height-default elementor-section-height-default\" data-id=\"9e9850f\" data-element_type=\"section\">\n\t\t\t\t\t\t<div class=\"elementor-container elementor-column-gap-default\">\n\t\t\t\t\t<div class=\"elementor-column elementor-col-50 elementor-inner-column elementor-element elementor-element-e0f6512\" data-id=\"e0f6512\" data-element_type=\"column\">\n\t\t\t<div class=\"elementor-widget-wrap elementor-element-populated\">\n\t\t\t\t\t\t<div class=\"elementor-element elementor-element-60e8407 elementor-widget elementor-widget-wp-widget-archives\" data-id=\"60e8407\" data-element_type=\"widget\" data-widget_type=\"wp-widget-archives.default\">\n\t\t\t\t<div class=\"elementor-widget-container\">\n\t\t\t\t\t<h5>Arkiv<\/h5>\t\t<label class=\"screen-reader-text\" for=\"archives-dropdown-REPLACE_TO_ID\">Arkiv<\/label>\n\t\t<select id=\"archives-dropdown-REPLACE_TO_ID\" name=\"archive-dropdown\">\n\t\t\t\n\t\t\t<option value=\"\">V\u00e4lj m\u00e5nad<\/option>\n\t\t\t\t<option value='https:\/\/www.ledbag.se\/?m=202603'> mars 2026 &nbsp;(1)<\/option>\n\t<option value='https:\/\/www.ledbag.se\/?m=202509'> september 2025 &nbsp;(2)<\/option>\n\t<option value='https:\/\/www.ledbag.se\/?m=202508'> augusti 2025 &nbsp;(1)<\/option>\n\t<option value='https:\/\/www.ledbag.se\/?m=202503'> mars 2025 &nbsp;(2)<\/option>\n\t<option value='https:\/\/www.ledbag.se\/?m=202411'> november 2024 &nbsp;(1)<\/option>\n\t<option value='https:\/\/www.ledbag.se\/?m=202409'> september 2024 &nbsp;(3)<\/option>\n\t<option value='https:\/\/www.ledbag.se\/?m=202408'> augusti 2024 &nbsp;(4)<\/option>\n\t<option value='https:\/\/www.ledbag.se\/?m=202407'> juli 2024 &nbsp;(1)<\/option>\n\t<option value='https:\/\/www.ledbag.se\/?m=202406'> juni 2024 &nbsp;(1)<\/option>\n\t<option value='https:\/\/www.ledbag.se\/?m=202404'> april 2024 &nbsp;(3)<\/option>\n\t<option value='https:\/\/www.ledbag.se\/?m=202309'> september 2023 &nbsp;(3)<\/option>\n\t<option value='https:\/\/www.ledbag.se\/?m=202308'> augusti 2023 &nbsp;(1)<\/option>\n\t<option value='https:\/\/www.ledbag.se\/?m=202307'> juli 2023 &nbsp;(6)<\/option>\n\t<option value='https:\/\/www.ledbag.se\/?m=202306'> juni 2023 &nbsp;(1)<\/option>\n\t<option value='https:\/\/www.ledbag.se\/?m=202305'> maj 2023 &nbsp;(2)<\/option>\n\t<option value='https:\/\/www.ledbag.se\/?m=202304'> april 2023 &nbsp;(1)<\/option>\n\t<option value='https:\/\/www.ledbag.se\/?m=202301'> januari 2023 &nbsp;(1)<\/option>\n\t<option value='https:\/\/www.ledbag.se\/?m=202212'> december 2022 &nbsp;(1)<\/option>\n\t<option value='https:\/\/www.ledbag.se\/?m=202208'> augusti 2022 &nbsp;(2)<\/option>\n\t<option value='https:\/\/www.ledbag.se\/?m=202207'> juli 2022 &nbsp;(2)<\/option>\n\t<option value='https:\/\/www.ledbag.se\/?m=202206'> juni 2022 &nbsp;(1)<\/option>\n\t<option value='https:\/\/www.ledbag.se\/?m=202205'> maj 2022 &nbsp;(3)<\/option>\n\t<option value='https:\/\/www.ledbag.se\/?m=202204'> april 2022 &nbsp;(1)<\/option>\n\t<option value='https:\/\/www.ledbag.se\/?m=202111'> november 2021 &nbsp;(1)<\/option>\n\t<option value='https:\/\/www.ledbag.se\/?m=202109'> september 2021 &nbsp;(3)<\/option>\n\t<option value='https:\/\/www.ledbag.se\/?m=202108'> augusti 2021 &nbsp;(4)<\/option>\n\t<option value='https:\/\/www.ledbag.se\/?m=202107'> juli 2021 &nbsp;(4)<\/option>\n\t<option value='https:\/\/www.ledbag.se\/?m=202106'> juni 2021 &nbsp;(3)<\/option>\n\t<option value='https:\/\/www.ledbag.se\/?m=202105'> maj 2021 &nbsp;(2)<\/option>\n\t<option value='https:\/\/www.ledbag.se\/?m=202104'> april 2021 &nbsp;(1)<\/option>\n\t<option value='https:\/\/www.ledbag.se\/?m=202101'> januari 2021 &nbsp;(1)<\/option>\n\t<option value='https:\/\/www.ledbag.se\/?m=202012'> december 2020 &nbsp;(1)<\/option>\n\t<option value='https:\/\/www.ledbag.se\/?m=202010'> oktober 2020 &nbsp;(1)<\/option>\n\t<option value='https:\/\/www.ledbag.se\/?m=202009'> september 2020 &nbsp;(2)<\/option>\n\t<option value='https:\/\/www.ledbag.se\/?m=202008'> augusti 2020 &nbsp;(3)<\/option>\n\t<option value='https:\/\/www.ledbag.se\/?m=202007'> juli 2020 &nbsp;(4)<\/option>\n\t<option value='https:\/\/www.ledbag.se\/?m=202006'> juni 2020 &nbsp;(5)<\/option>\n\t<option value='https:\/\/www.ledbag.se\/?m=202005'> maj 2020 &nbsp;(3)<\/option>\n\t<option value='https:\/\/www.ledbag.se\/?m=202004'> april 2020 &nbsp;(1)<\/option>\n\t<option value='https:\/\/www.ledbag.se\/?m=202002'> februari 2020 &nbsp;(3)<\/option>\n\t<option value='https:\/\/www.ledbag.se\/?m=201912'> december 2019 &nbsp;(1)<\/option>\n\t<option value='https:\/\/www.ledbag.se\/?m=201911'> november 2019 &nbsp;(1)<\/option>\n\t<option value='https:\/\/www.ledbag.se\/?m=201910'> oktober 2019 &nbsp;(2)<\/option>\n\t<option value='https:\/\/www.ledbag.se\/?m=201909'> september 2019 &nbsp;(6)<\/option>\n\t<option value='https:\/\/www.ledbag.se\/?m=201908'> augusti 2019 &nbsp;(5)<\/option>\n\t<option value='https:\/\/www.ledbag.se\/?m=201907'> juli 2019 &nbsp;(3)<\/option>\n\t<option value='https:\/\/www.ledbag.se\/?m=201906'> juni 2019 &nbsp;(1)<\/option>\n\t<option value='https:\/\/www.ledbag.se\/?m=201905'> maj 2019 &nbsp;(2)<\/option>\n\t<option value='https:\/\/www.ledbag.se\/?m=201904'> april 2019 &nbsp;(2)<\/option>\n\t<option value='https:\/\/www.ledbag.se\/?m=201903'> mars 2019 &nbsp;(1)<\/option>\n\t<option value='https:\/\/www.ledbag.se\/?m=201902'> februari 2019 &nbsp;(2)<\/option>\n\t<option value='https:\/\/www.ledbag.se\/?m=201812'> december 2018 &nbsp;(1)<\/option>\n\t<option value='https:\/\/www.ledbag.se\/?m=201811'> november 2018 &nbsp;(1)<\/option>\n\t<option value='https:\/\/www.ledbag.se\/?m=201810'> oktober 2018 &nbsp;(4)<\/option>\n\t<option value='https:\/\/www.ledbag.se\/?m=201809'> september 2018 &nbsp;(6)<\/option>\n\t<option value='https:\/\/www.ledbag.se\/?m=201808'> augusti 2018 &nbsp;(4)<\/option>\n\t<option value='https:\/\/www.ledbag.se\/?m=201807'> juli 2018 &nbsp;(6)<\/option>\n\t<option value='https:\/\/www.ledbag.se\/?m=201806'> juni 2018 &nbsp;(2)<\/option>\n\t<option value='https:\/\/www.ledbag.se\/?m=201805'> maj 2018 &nbsp;(3)<\/option>\n\t<option value='https:\/\/www.ledbag.se\/?m=201804'> april 2018 &nbsp;(3)<\/option>\n\t<option value='https:\/\/www.ledbag.se\/?m=201803'> mars 2018 &nbsp;(1)<\/option>\n\t<option value='https:\/\/www.ledbag.se\/?m=201802'> februari 2018 &nbsp;(1)<\/option>\n\t<option value='https:\/\/www.ledbag.se\/?m=201801'> januari 2018 &nbsp;(1)<\/option>\n\t<option value='https:\/\/www.ledbag.se\/?m=201712'> december 2017 &nbsp;(1)<\/option>\n\t<option value='https:\/\/www.ledbag.se\/?m=201709'> september 2017 &nbsp;(3)<\/option>\n\t<option value='https:\/\/www.ledbag.se\/?m=201708'> augusti 2017 &nbsp;(10)<\/option>\n\t<option value='https:\/\/www.ledbag.se\/?m=201707'> juli 2017 &nbsp;(9)<\/option>\n\t<option value='https:\/\/www.ledbag.se\/?m=201706'> juni 2017 &nbsp;(3)<\/option>\n\t<option value='https:\/\/www.ledbag.se\/?m=201704'> april 2017 &nbsp;(2)<\/option>\n\t<option value='https:\/\/www.ledbag.se\/?m=201703'> mars 2017 &nbsp;(1)<\/option>\n\t<option value='https:\/\/www.ledbag.se\/?m=201612'> december 2016 &nbsp;(1)<\/option>\n\t<option value='https:\/\/www.ledbag.se\/?m=201609'> september 2016 &nbsp;(3)<\/option>\n\t<option value='https:\/\/www.ledbag.se\/?m=201608'> augusti 2016 &nbsp;(2)<\/option>\n\t<option value='https:\/\/www.ledbag.se\/?m=201607'> juli 2016 &nbsp;(3)<\/option>\n\t<option value='https:\/\/www.ledbag.se\/?m=201606'> juni 2016 &nbsp;(2)<\/option>\n\t<option value='https:\/\/www.ledbag.se\/?m=201604'> april 2016 &nbsp;(6)<\/option>\n\t<option value='https:\/\/www.ledbag.se\/?m=201512'> december 2015 &nbsp;(3)<\/option>\n\t<option value='https:\/\/www.ledbag.se\/?m=201511'> november 2015 &nbsp;(2)<\/option>\n\t<option value='https:\/\/www.ledbag.se\/?m=201510'> oktober 2015 &nbsp;(3)<\/option>\n\t<option value='https:\/\/www.ledbag.se\/?m=201509'> september 2015 &nbsp;(1)<\/option>\n\t<option value='https:\/\/www.ledbag.se\/?m=201508'> augusti 2015 &nbsp;(7)<\/option>\n\t<option value='https:\/\/www.ledbag.se\/?m=201507'> juli 2015 &nbsp;(3)<\/option>\n\t<option value='https:\/\/www.ledbag.se\/?m=201506'> juni 2015 &nbsp;(1)<\/option>\n\t<option value='https:\/\/www.ledbag.se\/?m=201505'> maj 2015 &nbsp;(6)<\/option>\n\t<option value='https:\/\/www.ledbag.se\/?m=201501'> januari 2015 &nbsp;(1)<\/option>\n\t<option value='https:\/\/www.ledbag.se\/?m=201412'> december 2014 &nbsp;(1)<\/option>\n\t<option value='https:\/\/www.ledbag.se\/?m=201409'> september 2014 &nbsp;(3)<\/option>\n\t<option value='https:\/\/www.ledbag.se\/?m=201408'> augusti 2014 &nbsp;(8)<\/option>\n\t<option value='https:\/\/www.ledbag.se\/?m=201407'> juli 2014 &nbsp;(6)<\/option>\n\t<option value='https:\/\/www.ledbag.se\/?m=201406'> juni 2014 &nbsp;(5)<\/option>\n\t<option value='https:\/\/www.ledbag.se\/?m=201405'> maj 2014 &nbsp;(2)<\/option>\n\t<option value='https:\/\/www.ledbag.se\/?m=201403'> mars 2014 &nbsp;(2)<\/option>\n\t<option value='https:\/\/www.ledbag.se\/?m=201401'> januari 2014 &nbsp;(1)<\/option>\n\t<option value='https:\/\/www.ledbag.se\/?m=201309'> september 2013 &nbsp;(2)<\/option>\n\t<option value='https:\/\/www.ledbag.se\/?m=201308'> augusti 2013 &nbsp;(5)<\/option>\n\t<option value='https:\/\/www.ledbag.se\/?m=201307'> juli 2013 &nbsp;(3)<\/option>\n\t<option value='https:\/\/www.ledbag.se\/?m=201306'> juni 2013 &nbsp;(1)<\/option>\n\t<option value='https:\/\/www.ledbag.se\/?m=201305'> maj 2013 &nbsp;(2)<\/option>\n\t<option value='https:\/\/www.ledbag.se\/?m=201304'> april 2013 &nbsp;(3)<\/option>\n\t<option value='https:\/\/www.ledbag.se\/?m=201303'> mars 2013 &nbsp;(3)<\/option>\n\t<option value='https:\/\/www.ledbag.se\/?m=201301'> januari 2013 &nbsp;(2)<\/option>\n\t<option value='https:\/\/www.ledbag.se\/?m=201209'> september 2012 &nbsp;(5)<\/option>\n\t<option value='https:\/\/www.ledbag.se\/?m=201208'> augusti 2012 &nbsp;(1)<\/option>\n\t<option value='https:\/\/www.ledbag.se\/?m=201207'> juli 2012 &nbsp;(7)<\/option>\n\t<option value='https:\/\/www.ledbag.se\/?m=201206'> juni 2012 &nbsp;(2)<\/option>\n\t<option value='https:\/\/www.ledbag.se\/?m=201205'> maj 2012 &nbsp;(1)<\/option>\n\t<option value='https:\/\/www.ledbag.se\/?m=201203'> mars 2012 &nbsp;(3)<\/option>\n\t<option value='https:\/\/www.ledbag.se\/?m=201202'> februari 2012 &nbsp;(7)<\/option>\n\t<option value='https:\/\/www.ledbag.se\/?m=201112'> december 2011 &nbsp;(3)<\/option>\n\t<option value='https:\/\/www.ledbag.se\/?m=201110'> oktober 2011 &nbsp;(5)<\/option>\n\t<option value='https:\/\/www.ledbag.se\/?m=201109'> september 2011 &nbsp;(5)<\/option>\n\t<option value='https:\/\/www.ledbag.se\/?m=201108'> augusti 2011 &nbsp;(11)<\/option>\n\t<option value='https:\/\/www.ledbag.se\/?m=201107'> juli 2011 &nbsp;(11)<\/option>\n\t<option value='https:\/\/www.ledbag.se\/?m=201106'> juni 2011 &nbsp;(2)<\/option>\n\t<option value='https:\/\/www.ledbag.se\/?m=201105'> maj 2011 &nbsp;(4)<\/option>\n\t<option value='https:\/\/www.ledbag.se\/?m=201104'> april 2011 &nbsp;(9)<\/option>\n\t<option value='https:\/\/www.ledbag.se\/?m=201103'> mars 2011 &nbsp;(12)<\/option>\n\t<option value='https:\/\/www.ledbag.se\/?m=201102'> februari 2011 &nbsp;(7)<\/option>\n\n\t\t<\/select>\n\n\t\t\t<script>\n( ( dropdownId ) => {\n\tconst dropdown = document.getElementById( dropdownId );\n\tfunction onSelectChange() {\n\t\tsetTimeout( () => {\n\t\t\tif ( 'escape' === dropdown.dataset.lastkey ) {\n\t\t\t\treturn;\n\t\t\t}\n\t\t\tif ( dropdown.value ) {\n\t\t\t\tdocument.location.href = dropdown.value;\n\t\t\t}\n\t\t}, 250 );\n\t}\n\tfunction onKeyUp( event ) {\n\t\tif ( 'Escape' === event.key ) {\n\t\t\tdropdown.dataset.lastkey = 'escape';\n\t\t} else {\n\t\t\tdelete dropdown.dataset.lastkey;\n\t\t}\n\t}\n\tfunction onClick() {\n\t\tdelete dropdown.dataset.lastkey;\n\t}\n\tdropdown.addEventListener( 'keyup', onKeyUp );\n\tdropdown.addEventListener( 'click', onClick );\n\tdropdown.addEventListener( 'change', onSelectChange );\n})( \"archives-dropdown-REPLACE_TO_ID\" );\n\n\/\/# sourceURL=WP_Widget_Archives%3A%3Awidget\n<\/script>\n\t\t\t\t<\/div>\n\t\t\t\t<\/div>\n\t\t\t\t\t<\/div>\n\t\t<\/div>\n\t\t\t\t<div class=\"elementor-column elementor-col-50 elementor-inner-column elementor-element elementor-element-9922964\" data-id=\"9922964\" data-element_type=\"column\">\n\t\t\t<div class=\"elementor-widget-wrap elementor-element-populated\">\n\t\t\t\t\t\t<div class=\"elementor-element elementor-element-de645b4 elementor-widget elementor-widget-wp-widget-categories\" data-id=\"de645b4\" data-element_type=\"widget\" data-widget_type=\"wp-widget-categories.default\">\n\t\t\t\t<div class=\"elementor-widget-container\">\n\t\t\t\t\t<h5>Kategorier<\/h5><form action=\"https:\/\/www.ledbag.se\" method=\"get\"><label class=\"screen-reader-text\" for=\"cat\">Kategorier<\/label><select  name='cat' id='cat' class='postform'>\n\t<option value='-1'>V\u00e4lj kategori<\/option>\n\t<option class=\"level-0\" value=\"10\">Externa f\u00f6reningar&nbsp;&nbsp;(4)<\/option>\n\t<option class=\"level-0\" value=\"13\">Hemsida&nbsp;&nbsp;(1)<\/option>\n\t<option class=\"level-0\" value=\"6\">H\u00f6st&nbsp;&nbsp;(80)<\/option>\n\t<option class=\"level-0\" value=\"1\">Okategoriserade&nbsp;&nbsp;(3)<\/option>\n\t<option class=\"level-0\" value=\"5\">Sommar&nbsp;&nbsp;(145)<\/option>\n\t<option class=\"level-0\" value=\"12\">Styrelse&nbsp;&nbsp;(7)<\/option>\n\t<option class=\"level-0\" value=\"4\">V\u00e5r&nbsp;&nbsp;(58)<\/option>\n\t<option class=\"level-0\" value=\"3\">Vinter&nbsp;&nbsp;(65)<\/option>\n<\/select>\n<\/form><script>\n( ( dropdownId ) => {\n\tconst dropdown = document.getElementById( dropdownId );\n\tfunction onSelectChange() {\n\t\tsetTimeout( () => {\n\t\t\tif ( 'escape' === dropdown.dataset.lastkey ) {\n\t\t\t\treturn;\n\t\t\t}\n\t\t\tif ( dropdown.value && parseInt( dropdown.value ) > 0 && dropdown instanceof HTMLSelectElement ) {\n\t\t\t\tdropdown.parentElement.submit();\n\t\t\t}\n\t\t}, 250 );\n\t}\n\tfunction onKeyUp( event ) {\n\t\tif ( 'Escape' === event.key ) {\n\t\t\tdropdown.dataset.lastkey = 'escape';\n\t\t} else {\n\t\t\tdelete dropdown.dataset.lastkey;\n\t\t}\n\t}\n\tfunction onClick() {\n\t\tdelete dropdown.dataset.lastkey;\n\t}\n\tdropdown.addEventListener( 'keyup', onKeyUp );\n\tdropdown.addEventListener( 'click', onClick );\n\tdropdown.addEventListener( 'change', onSelectChange );\n})( \"cat\" );\n\n\/\/# sourceURL=WP_Widget_Categories%3A%3Awidget\n<\/script>\n\t\t\t\t<\/div>\n\t\t\t\t<\/div>\n\t\t\t\t\t<\/div>\n\t\t<\/div>\n\t\t\t\t\t<\/div>\n\t\t<\/section>\n\t\t\t\t\t<\/div>\n\t\t<\/div>\n\t\t\t\t\t<\/div>\n\t\t<\/section>\n\t\t\t\t<\/div>\n\t\t","protected":false},"excerpt":{"rendered":"<p>\ud83d\udcf7 MATS RAGNARSSON Omstart f\u00f6r www.ledbag.se 2023-01-051 kommentar ERROR. I slutet av november &#8221;d\u00f6k&#8221; hemsidan ute i v\u00e5rt omr\u00e5de. &#8211; Trodde f\u00f6rsta att det berodde p\u00e5 n\u00e5gon obetald faktura, men s\u00e5 var inte&hellip; Read More \u00bb \ud83d\udcf7 MATS RAGNARSSON God Jul &#038; Gott Nytt \u00c5r! 2022-12-23Inga kommentarer SLUTSPURT. Styrelsen hos Ledsk\u00e4rs-B\u00e5del\u00f6gerns V\u00e4gf\u00f6rening samt Lax\u00f6gerns Samf\u00e4llighetsf\u00f6rening &hellip; <\/p>\n<p class=\"link-more\"><a href=\"https:\/\/www.ledbag.se\/?p=4902\" class=\"more-link\">L\u00e4s mer<span class=\"screen-reader-text\"> \u201dOrdf\u00f6rande PO Glaas: &#8221;Bra jobbat alla&#8221;\u201d<\/span><\/a><\/p>\n","protected":false},"author":4,"featured_media":0,"parent":0,"menu_order":0,"comment_status":"closed","ping_status":"closed","template":"","meta":{"_FSMCFIC_featured_image_caption":"","_FSMCFIC_featured_image_nocaption":"","_FSMCFIC_featured_image_hide":"","footnotes":""},"class_list":["post-4427","page","type-page","status-publish","hentry"],"featured_media_urls":[],"_links":{"self":[{"href":"https:\/\/www.ledbag.se\/index.php?rest_route=\/wp\/v2\/pages\/4427","targetHints":{"allow":["GET"]}}],"collection":[{"href":"https:\/\/www.ledbag.se\/index.php?rest_route=\/wp\/v2\/pages"}],"about":[{"href":"https:\/\/www.ledbag.se\/index.php?rest_route=\/wp\/v2\/types\/page"}],"author":[{"embeddable":true,"href":"https:\/\/www.ledbag.se\/index.php?rest_route=\/wp\/v2\/users\/4"}],"replies":[{"embeddable":true,"href":"https:\/\/www.ledbag.se\/index.php?rest_route=%2Fwp%2Fv2%2Fcomments&post=4427"}],"version-history":[{"count":39,"href":"https:\/\/www.ledbag.se\/index.php?rest_route=\/wp\/v2\/pages\/4427\/revisions"}],"predecessor-version":[{"id":4472,"href":"https:\/\/www.ledbag.se\/index.php?rest_route=\/wp\/v2\/pages\/4427\/revisions\/4472"}],"wp:attachment":[{"href":"https:\/\/www.ledbag.se\/index.php?rest_route=%2Fwp%2Fv2%2Fmedia&parent=4427"}],"curies":[{"name":"wp","href":"https:\/\/api.w.org\/{rel}","templated":true}]}}